{"id":3222,"date":"2017-07-28T18:22:10","date_gmt":"2017-07-28T17:22:10","guid":{"rendered":"http:\/\/www.ndemario.com\/french\/?page_id=3222"},"modified":"2021-07-15T21:32:40","modified_gmt":"2021-07-15T20:32:40","slug":"warehousing-logistics","status":"publish","type":"page","link":"http:\/\/www.ndemario.com\/french\/warehousing-logistics\/","title":{"rendered":"Entreposage Et Logistique"},"content":{"rendered":"<p>d&#8217;importatifadwa[vc_row type=&#8221;full_width_content&#8221; full_screen_row_position=&#8221;top&#8221; full_height=&#8221;yes&#8221; columns_placement=&#8221;top&#8221; mouse_based_parallax_bg=&#8221;true&#8221; scene_position=&#8221;top&#8221; mouse_sensitivity=&#8221;10&#8243; text_color=&#8221;dark&#8221; text_align=&#8221;left&#8221; bottom_padding=&#8221;5%&#8221; overlay_strength=&#8221;0.3&#8243;][vc_column column_padding=&#8221;no-extra-padding&#8221; column_padding_position=&#8221;all&#8221; background_color_opacity=&#8221;1&#8243; background_hover_color_opacity=&#8221;1&#8243; column_shadow=&#8221;none&#8221; width=&#8221;1\/1&#8243; tablet_text_alignment=&#8221;default&#8221; phone_text_alignment=&#8221;default&#8221; column_border_width=&#8221;none&#8221; column_border_style=&#8221;solid&#8221;][rev_slider_vc alias=&#8221;warehousing&#8221;][vc_row_inner column_margin=&#8221;default&#8221; top_padding=&#8221;40&#8243; bottom_padding=&#8221;1&#8243; text_align=&#8221;center&#8221;][vc_column_inner column_padding=&#8221;padding-1-percent&#8221; column_padding_position=&#8221;all&#8221; centered_text=&#8221;true&#8221; background_color_opacity=&#8221;1&#8243; width=&#8221;1\/1&#8243; column_border_width=&#8221;none&#8221; column_border_style=&#8221;solid&#8221;][vc_column_text css_animation=&#8221;fadeInDown&#8221; max_width=&#8221;800&#8243;]\n<h4>N De Mario &amp; Mario Limited fait appel \u00e0 un prestataire de services tiers pour l&#8217;entreposage. Enti\u00e8rement conformes aux normes en vigueur pour le stockage et la distribution des produits, ses installations frigorifiques sont situ\u00e9es \u00e0 moins de 5 km de l\u2019a\u00e9roport de Londres-Gatwick.<\/h4>\n[\/vc_column_text]<div class=\"divider-wrap\"><div style=\"margin-top: 25px; width: 800px; height: 2px; margin-bottom: 25px;\" data-width=\"800\" data-animate=\"yes\" data-animation-delay=\"\" data-color=\"extra-color-1\" class=\"divider-small-border\"><\/div><\/div>[vc_column_text css_animation=&#8221;fadeInDown&#8221; max_width=&#8221;800&#8243;]\n<p style=\"text-align: left; color: #1b75bc;\">\u00bb\u00a0 Temp\u00e9rature ambinte: max. 25 \u00b0C<br \/>\n\u00bb Temp\u00e9rature de la chaine do forid: 2-8 \u00b0C<\/p>\n<p>Notre partenaire de longue date offre un large \u00e9ventail de services logistiques et de gestion de l&#8217;ensemble de la cha\u00eene pour l&#8217;acheminement des produits jusqu&#8217;\u00e0 leur destination finale :<\/p>\n<p style=\"text-align: left; color: #1b75bc;\">&#8211; Entrep\u00f4ts b\u00e9n\u00e9ficiant contr\u00f4les antiparasitaires<br \/>\n&#8211; Contr\u00f4le de la temp\u00e9rature<br \/>\n&#8211; Conformit\u00e9 avec les bonnes ppratiques de distrubiton<br \/>\n&#8211; Entrep\u00f4ts douaniers \/ en zone franche<br \/>\n&#8211; Enl\u00e8vement et chargement<br \/>\n&#8211; Entreposage et distribution effectu\u00e9s par nos sous-contractants<br \/>\n&#8211; Acheminement des produits dans toutes les r\u00e9gions du monde<br \/>\n&#8211; Gestion des documents administratifs, notamment pour le transport maritime, a\u00e9rien et terrestre<\/p>\n<p style=\"text-align: left;\">Documents de d\u00e9douanement:<\/p>\n<p style=\"text-align: left; color: #1b75bc;\">&#8211; Factures commerciales<br \/>\n&#8211; Listes de colisage<br \/>\n&#8211; Licences d&#8217;exportation<br \/>\n&#8211; Licences d&#8217;importation<br \/>\n&#8211; Certificats d&#8217;origine\/sanitaires<\/p>\n[\/vc_column_text]<div class=\"divider-wrap\"><div style=\"margin-top: 25px; width: 800px; height: 2px; margin-bottom: 25px;\" data-width=\"800\" data-animate=\"yes\" data-animation-delay=\"\" data-color=\"extra-color-1\" class=\"divider-small-border\"><\/div><\/div>[\/vc_column_inner][\/vc_row_inner][\/vc_column][\/vc_row][vc_row type=&#8221;in_container&#8221; full_screen_row_position=&#8221;middle&#8221; scene_position=&#8221;center&#8221; text_color=&#8221;dark&#8221; text_align=&#8221;left&#8221; top_padding=&#8221;1%&#8221; overlay_strength=&#8221;0.3&#8243;][vc_column centered_text=&#8221;true&#8221; column_padding=&#8221;no-extra-padding&#8221; column_padding_position=&#8221;all&#8221; background_color_opacity=&#8221;1&#8243; background_hover_color_opacity=&#8221;1&#8243; column_shadow=&#8221;none&#8221; width=&#8221;1\/1&#8243; tablet_text_alignment=&#8221;default&#8221; phone_text_alignment=&#8221;default&#8221; column_border_width=&#8221;none&#8221; column_border_style=&#8221;solid&#8221;][vc_row_inner content_placement=&#8221;bottom&#8221; column_margin=&#8221;default&#8221; bottom_padding=&#8221;0%&#8221; text_align=&#8221;left&#8221;][vc_column_inner enable_animation=&#8221;true&#8221; animation=&#8221;grow-in&#8221; column_padding=&#8221;no-extra-padding&#8221; column_padding_position=&#8221;all&#8221; background_color_opacity=&#8221;1&#8243; width=&#8221;1\/3&#8243; column_border_width=&#8221;none&#8221; column_border_style=&#8221;solid&#8221;]<div class=\"team-member\" data-style=\"meta_overlaid\"><div class=\"team-member-overlay\"><\/div><a href=\"http:\/\/www.ndemario.com\/french\/named-patient-program\/\"><\/a> <div class=\"team-member-image\" style=\"background-image: url(http:\/\/www.ndemario.com\/french\/wp-content\/uploads\/2017\/08\/named-patient-supply_2-600x403.jpg);\"><\/div><div class=\"team-meta\"><h3>Dispositifs D\u2019Atu Nominative<\/h3><p><p><\/div><\/div>[\/vc_column_inner][vc_column_inner enable_animation=&#8221;true&#8221; animation=&#8221;grow-in&#8221; column_padding=&#8221;no-extra-padding&#8221; column_padding_position=&#8221;all&#8221; background_color_opacity=&#8221;1&#8243; width=&#8221;1\/3&#8243; column_border_width=&#8221;none&#8221; column_border_style=&#8221;solid&#8221;]<div class=\"team-member\" data-style=\"meta_overlaid\"><div class=\"team-member-overlay\"><\/div><a href=\"http:\/\/www.ndemario.com\/french\/product-registration\/\"><\/a> <div class=\"team-member-image\" style=\"background-image: url(http:\/\/www.ndemario.com\/french\/wp-content\/uploads\/2017\/08\/product_2-600x403.jpg);\"><\/div><div class=\"team-meta\"><h3>Enregistrement Des Produits<\/h3><p><p><\/div><\/div>[\/vc_column_inner][vc_column_inner enable_animation=&#8221;true&#8221; animation=&#8221;grow-in&#8221; column_padding=&#8221;no-extra-padding&#8221; column_padding_position=&#8221;all&#8221; background_color_opacity=&#8221;1&#8243; width=&#8221;1\/3&#8243; column_border_width=&#8221;none&#8221; column_border_style=&#8221;solid&#8221;]<div class=\"team-member\" data-style=\"meta_overlaid\"><div class=\"team-member-overlay\"><\/div><a href=\"http:\/\/www.ndemario.com\/french\/partnership-agreements\/\"><\/a> <div class=\"team-member-image\" style=\"background-image: url(http:\/\/www.ndemario.com\/french\/wp-content\/uploads\/2017\/08\/partner_2-600x403.jpg);\"><\/div><div class=\"team-meta\"><h3>Partenariats<\/h3><p><p><\/div><\/div>[\/vc_column_inner][\/vc_row_inner][\/vc_column][\/vc_row]\n","protected":false},"excerpt":{"rendered":"<p>d&#8217;importatifadwa[vc_row type=&#8221;full_width_content&#8221; full_screen_row_position=&#8221;top&#8221; full_height=&#8221;yes&#8221; columns_placement=&#8221;top&#8221; mouse_based_parallax_bg=&#8221;true&#8221; scene_position=&#8221;top&#8221; mouse_sensitivity=&#8221;10&#8243; text_color=&#8221;dark&#8221; text_align=&#8221;left&#8221; bottom_padding=&#8221;5%&#8221; overlay_strength=&#8221;0.3&#8243;][vc_column column_padding=&#8221;no-extra-padding&#8221; column_padding_position=&#8221;all&#8221; background_color_opacity=&#8221;1&#8243; background_hover_color_opacity=&#8221;1&#8243; column_shadow=&#8221;none&#8221; width=&#8221;1\/1&#8243; tablet_text_alignment=&#8221;default&#8221; phone_text_alignment=&#8221;default&#8221; column_border_width=&#8221;none&#8221; column_border_style=&#8221;solid&#8221;][rev_slider_vc alias=&#8221;warehousing&#8221;][vc_row_inner column_margin=&#8221;default&#8221; top_padding=&#8221;40&#8243; bottom_padding=&#8221;1&#8243; text_align=&#8221;center&#8221;][vc_column_inner column_padding=&#8221;padding-1-percent&#8221; column_padding_position=&#8221;all&#8221; centered_text=&#8221;true&#8221;&#8230;<\/p>\n","protected":false},"author":1,"featured_media":0,"parent":0,"menu_order":0,"comment_status":"closed","ping_status":"closed","template":"","meta":[],"yoast_head":"<!-- This site is optimized with the Yoast SEO plugin v16.7 - https:\/\/yoast.com\/wordpress\/plugins\/seo\/ -->\n<title>Entreposage Et Logistique - Mario<\/title>\n<meta name=\"robots\" content=\"index, follow, max-snippet:-1, max-image-preview:large, max-video-preview:-1\" \/>\n<link rel=\"canonical\" href=\"http:\/\/www.ndemario.com\/french\/warehousing-logistics\/\" \/>\n<meta property=\"og:locale\" content=\"en_GB\" \/>\n<meta property=\"og:type\" content=\"article\" \/>\n<meta property=\"og:title\" content=\"Entreposage Et Logistique - Mario\" \/>\n<meta property=\"og:description\" content=\"d&#8217;importatifadwa[vc_row type=&#8221;full_width_content&#8221; full_screen_row_position=&#8221;top&#8221; full_height=&#8221;yes&#8221; columns_placement=&#8221;top&#8221; mouse_based_parallax_bg=&#8221;true&#8221; scene_position=&#8221;top&#8221; mouse_sensitivity=&#8221;10&#8243; text_color=&#8221;dark&#8221; text_align=&#8221;left&#8221; bottom_padding=&#8221;5%&#8221; overlay_strength=&#8221;0.3&#8243;][vc_column column_padding=&#8221;no-extra-padding&#8221; column_padding_position=&#8221;all&#8221; background_color_opacity=&#8221;1&#8243; background_hover_color_opacity=&#8221;1&#8243; column_shadow=&#8221;none&#8221; width=&#8221;1\/1&#8243; tablet_text_alignment=&#8221;default&#8221; phone_text_alignment=&#8221;default&#8221; column_border_width=&#8221;none&#8221; column_border_style=&#8221;solid&#8221;][rev_slider_vc alias=&#8221;warehousing&#8221;][vc_row_inner column_margin=&#8221;default&#8221; top_padding=&#8221;40&#8243; bottom_padding=&#8221;1&#8243; text_align=&#8221;center&#8221;][vc_column_inner column_padding=&#8221;padding-1-percent&#8221; column_padding_position=&#8221;all&#8221; centered_text=&#8221;true&#8221;...\" \/>\n<meta property=\"og:url\" content=\"http:\/\/www.ndemario.com\/french\/warehousing-logistics\/\" \/>\n<meta property=\"og:site_name\" content=\"Mario\" \/>\n<meta property=\"article:modified_time\" content=\"2021-07-15T20:32:40+00:00\" \/>\n<meta name=\"twitter:card\" content=\"summary\" \/>\n<meta name=\"twitter:label1\" content=\"Estimated reading time\" \/>\n\t<meta name=\"twitter:data1\" content=\"2 minutes\" \/>\n<script type=\"application\/ld+json\" class=\"yoast-schema-graph\">{\"@context\":\"https:\/\/schema.org\",\"@graph\":[{\"@type\":\"WebSite\",\"@id\":\"http:\/\/www.ndemario.com\/french\/#website\",\"url\":\"http:\/\/www.ndemario.com\/french\/\",\"name\":\"Mario\",\"description\":\"N. De Mario &amp; Mario\",\"potentialAction\":[{\"@type\":\"SearchAction\",\"target\":{\"@type\":\"EntryPoint\",\"urlTemplate\":\"http:\/\/www.ndemario.com\/french\/?s={search_term_string}\"},\"query-input\":\"required name=search_term_string\"}],\"inLanguage\":\"en-GB\"},{\"@type\":\"WebPage\",\"@id\":\"http:\/\/www.ndemario.com\/french\/warehousing-logistics\/#webpage\",\"url\":\"http:\/\/www.ndemario.com\/french\/warehousing-logistics\/\",\"name\":\"Entreposage Et Logistique - Mario\",\"isPartOf\":{\"@id\":\"http:\/\/www.ndemario.com\/french\/#website\"},\"datePublished\":\"2017-07-28T17:22:10+00:00\",\"dateModified\":\"2021-07-15T20:32:40+00:00\",\"breadcrumb\":{\"@id\":\"http:\/\/www.ndemario.com\/french\/warehousing-logistics\/#breadcrumb\"},\"inLanguage\":\"en-GB\",\"potentialAction\":[{\"@type\":\"ReadAction\",\"target\":[\"http:\/\/www.ndemario.com\/french\/warehousing-logistics\/\"]}]},{\"@type\":\"BreadcrumbList\",\"@id\":\"http:\/\/www.ndemario.com\/french\/warehousing-logistics\/#breadcrumb\",\"itemListElement\":[{\"@type\":\"ListItem\",\"position\":1,\"name\":\"Home\",\"item\":\"http:\/\/www.ndemario.com\/french\/\"},{\"@type\":\"ListItem\",\"position\":2,\"name\":\"Entreposage Et Logistique\"}]}]}<\/script>\n<!-- \/ Yoast SEO plugin. -->","yoast_head_json":{"title":"Entreposage Et Logistique - Mario","robots":{"index":"index","follow":"follow","max-snippet":"max-snippet:-1","max-image-preview":"max-image-preview:large","max-video-preview":"max-video-preview:-1"},"canonical":"http:\/\/www.ndemario.com\/french\/warehousing-logistics\/","og_locale":"en_GB","og_type":"article","og_title":"Entreposage Et Logistique - Mario","og_description":"d&#8217;importatifadwa[vc_row type=&#8221;full_width_content&#8221; full_screen_row_position=&#8221;top&#8221; full_height=&#8221;yes&#8221; columns_placement=&#8221;top&#8221; mouse_based_parallax_bg=&#8221;true&#8221; scene_position=&#8221;top&#8221; mouse_sensitivity=&#8221;10&#8243; text_color=&#8221;dark&#8221; text_align=&#8221;left&#8221; bottom_padding=&#8221;5%&#8221; overlay_strength=&#8221;0.3&#8243;][vc_column column_padding=&#8221;no-extra-padding&#8221; column_padding_position=&#8221;all&#8221; background_color_opacity=&#8221;1&#8243; background_hover_color_opacity=&#8221;1&#8243; column_shadow=&#8221;none&#8221; width=&#8221;1\/1&#8243; tablet_text_alignment=&#8221;default&#8221; phone_text_alignment=&#8221;default&#8221; column_border_width=&#8221;none&#8221; column_border_style=&#8221;solid&#8221;][rev_slider_vc alias=&#8221;warehousing&#8221;][vc_row_inner column_margin=&#8221;default&#8221; top_padding=&#8221;40&#8243; bottom_padding=&#8221;1&#8243; text_align=&#8221;center&#8221;][vc_column_inner column_padding=&#8221;padding-1-percent&#8221; column_padding_position=&#8221;all&#8221; centered_text=&#8221;true&#8221;...","og_url":"http:\/\/www.ndemario.com\/french\/warehousing-logistics\/","og_site_name":"Mario","article_modified_time":"2021-07-15T20:32:40+00:00","twitter_card":"summary","twitter_misc":{"Estimated reading time":"2 minutes"},"schema":{"@context":"https:\/\/schema.org","@graph":[{"@type":"WebSite","@id":"http:\/\/www.ndemario.com\/french\/#website","url":"http:\/\/www.ndemario.com\/french\/","name":"Mario","description":"N. De Mario &amp; Mario","potentialAction":[{"@type":"SearchAction","target":{"@type":"EntryPoint","urlTemplate":"http:\/\/www.ndemario.com\/french\/?s={search_term_string}"},"query-input":"required name=search_term_string"}],"inLanguage":"en-GB"},{"@type":"WebPage","@id":"http:\/\/www.ndemario.com\/french\/warehousing-logistics\/#webpage","url":"http:\/\/www.ndemario.com\/french\/warehousing-logistics\/","name":"Entreposage Et Logistique - Mario","isPartOf":{"@id":"http:\/\/www.ndemario.com\/french\/#website"},"datePublished":"2017-07-28T17:22:10+00:00","dateModified":"2021-07-15T20:32:40+00:00","breadcrumb":{"@id":"http:\/\/www.ndemario.com\/french\/warehousing-logistics\/#breadcrumb"},"inLanguage":"en-GB","potentialAction":[{"@type":"ReadAction","target":["http:\/\/www.ndemario.com\/french\/warehousing-logistics\/"]}]},{"@type":"BreadcrumbList","@id":"http:\/\/www.ndemario.com\/french\/warehousing-logistics\/#breadcrumb","itemListElement":[{"@type":"ListItem","position":1,"name":"Home","item":"http:\/\/www.ndemario.com\/french\/"},{"@type":"ListItem","position":2,"name":"Entreposage Et Logistique"}]}]}},"_links":{"self":[{"href":"http:\/\/www.ndemario.com\/french\/wp-json\/wp\/v2\/pages\/3222"}],"collection":[{"href":"http:\/\/www.ndemario.com\/french\/wp-json\/wp\/v2\/pages"}],"about":[{"href":"http:\/\/www.ndemario.com\/french\/wp-json\/wp\/v2\/types\/page"}],"author":[{"embeddable":true,"href":"http:\/\/www.ndemario.com\/french\/wp-json\/wp\/v2\/users\/1"}],"replies":[{"embeddable":true,"href":"http:\/\/www.ndemario.com\/french\/wp-json\/wp\/v2\/comments?post=3222"}],"version-history":[{"count":21,"href":"http:\/\/www.ndemario.com\/french\/wp-json\/wp\/v2\/pages\/3222\/revisions"}],"predecessor-version":[{"id":3621,"href":"http:\/\/www.ndemario.com\/french\/wp-json\/wp\/v2\/pages\/3222\/revisions\/3621"}],"wp:attachment":[{"href":"http:\/\/www.ndemario.com\/french\/wp-json\/wp\/v2\/media?parent=3222"}],"curies":[{"name":"wp","href":"https:\/\/api.w.org\/{rel}","templated":true}]}}