{"id":3201,"date":"2017-07-28T17:32:07","date_gmt":"2017-07-28T16:32:07","guid":{"rendered":"http:\/\/www.ndemario.com\/french\/?page_id=3201"},"modified":"2021-07-21T20:51:54","modified_gmt":"2021-07-21T19:51:54","slug":"product-registration","status":"publish","type":"page","link":"http:\/\/www.ndemario.com\/french\/product-registration\/","title":{"rendered":"Enregistrement de produits"},"content":{"rendered":"[vc_row type=&#8221;full_width_content&#8221; full_screen_row_position=&#8221;top&#8221; full_height=&#8221;yes&#8221; columns_placement=&#8221;top&#8221; mouse_based_parallax_bg=&#8221;true&#8221; scene_position=&#8221;top&#8221; mouse_sensitivity=&#8221;10&#8243; text_color=&#8221;dark&#8221; text_align=&#8221;left&#8221; bottom_padding=&#8221;0.5%&#8221; overlay_strength=&#8221;0.3&#8243;][vc_column column_padding=&#8221;no-extra-padding&#8221; column_padding_position=&#8221;all&#8221; background_color_opacity=&#8221;1&#8243; background_hover_color_opacity=&#8221;1&#8243; column_shadow=&#8221;none&#8221; width=&#8221;1\/1&#8243; tablet_text_alignment=&#8221;default&#8221; phone_text_alignment=&#8221;default&#8221; column_border_width=&#8221;none&#8221; column_border_style=&#8221;solid&#8221;][rev_slider_vc alias=&#8221;product&#8221;][vc_row_inner column_margin=&#8221;default&#8221; top_padding=&#8221;40&#8243; text_align=&#8221;center&#8221;][vc_column_inner column_padding=&#8221;padding-1-percent&#8221; column_padding_position=&#8221;all&#8221; centered_text=&#8221;true&#8221; background_color_opacity=&#8221;1&#8243; width=&#8221;1\/1&#8243; column_border_width=&#8221;none&#8221; column_border_style=&#8221;solid&#8221;][vc_column_text css_animation=&#8221;fadeInDown&#8221; max_width=&#8221;800&#8243;]\n<h3 style=\"text-align: left;\">N De Mario &amp; Mario Limited propose une solution de A \u00e0 Z facilitant l\u2019enregistrement de produits, \u00e0 m\u00eame d&#8217;accro\u00eetre la demande (des m\u00e9dicaments r\u00e9cents ou homologu\u00e9s de longue date) sur le march\u00e9 cible.<\/h3>\n[\/vc_column_text]<div class=\"divider-wrap\"><div style=\"margin-top: 25px; width: 800px; height: 2px; margin-bottom: 25px;\" data-width=\"800\" data-animate=\"yes\" data-animation-delay=\"\" data-color=\"extra-color-1\" class=\"divider-small-border\"><\/div><\/div>[vc_column_text css_animation=&#8221;fadeInDown&#8221; max_width=&#8221;800&#8243;]\n<p style=\"text-align: left;\">Nous vous proposons notre expertise dans le domaine de l\u2019enregistrement des m\u00e9dicaments \u00e0 des fins commerciales sur les march\u00e9s \u00e9mergents dynamiques, o\u00f9 nous disposons d\u2019un r\u00e9seau d\u2019associ\u00e9s et de partenaires sp\u00e9cialis\u00e9s, au fait des l\u00e9gislations et proc\u00e9dures locales, mais aussi des exigences formul\u00e9es par les organismes accr\u00e9diteurs.<\/p>\n<h4 style=\"color: #49c8f5; text-align: left;\">Nos formules cl\u00e9s en main comprennent les services suivants :<\/h4>\n<ul>\n<li>Ciblage de nouveaux territoires et clients ; mise en r\u00e9seau avec les interlocuteurs comp\u00e9tents et des partenaires reconnus<\/li>\n<li>Gestion des relations avec les pouvoirs publics, organismes accr\u00e9diteurs et instances comp\u00e9tentes<\/li>\n<li>Enregistrement de vos produits dans les march\u00e9s cibles<\/li>\n<li>Commercialisation et promotion de vos produits gr\u00e2ce \u00e0 notre r\u00e9seau \u00e9largi de collaborateurs certifi\u00e9s<\/li>\n<li>End-to-end logistics of the distribution process<\/li>\n<\/ul>\n<p><strong>Pour vous entretenir au sujet de l\u2019enregistrement des produits, veuillez nous contacter au +44 (0) 208 732 5427 <\/strong>[\/vc_column_text]<div class=\"divider-wrap\"><div style=\"margin-top: 25px; width: 800px; height: 2px; margin-bottom: 25px;\" data-width=\"800\" data-animate=\"yes\" data-animation-delay=\"\" data-color=\"extra-color-1\" class=\"divider-small-border\"><\/div><\/div>[\/vc_column_inner][\/vc_row_inner][\/vc_column][\/vc_row][vc_row type=&#8221;in_container&#8221; full_screen_row_position=&#8221;middle&#8221; scene_position=&#8221;center&#8221; text_color=&#8221;dark&#8221; text_align=&#8221;center&#8221; overlay_strength=&#8221;0.3&#8243;][vc_column column_padding=&#8221;no-extra-padding&#8221; column_padding_position=&#8221;all&#8221; background_color_opacity=&#8221;1&#8243; background_hover_color_opacity=&#8221;1&#8243; column_shadow=&#8221;none&#8221; width=&#8221;1\/1&#8243; tablet_text_alignment=&#8221;default&#8221; phone_text_alignment=&#8221;default&#8221; column_border_width=&#8221;none&#8221; column_border_style=&#8221;solid&#8221;][nectar_btn size=&#8221;large&#8221; button_style=&#8221;regular&#8221; button_color_2=&#8221;Accent-Color&#8221; icon_family=&#8221;fontawesome&#8221; text=&#8221;EN SAVOIR PLUS SUR L&#8217;ENREGISTREMENT DES PRODUITS&#8221; icon_fontawesome=&#8221;fa fa-envelope-o&#8221; url=&#8221;mailto:info@ndemario.com&#8221;][\/vc_column][\/vc_row][vc_row type=&#8221;in_container&#8221; full_screen_row_position=&#8221;middle&#8221; scene_position=&#8221;center&#8221; text_color=&#8221;dark&#8221; text_align=&#8221;left&#8221; overlay_strength=&#8221;0.3&#8243;][vc_column centered_text=&#8221;true&#8221; column_padding=&#8221;no-extra-padding&#8221; column_padding_position=&#8221;all&#8221; background_color_opacity=&#8221;1&#8243; background_hover_color_opacity=&#8221;1&#8243; column_shadow=&#8221;none&#8221; width=&#8221;1\/1&#8243; tablet_text_alignment=&#8221;default&#8221; phone_text_alignment=&#8221;default&#8221; column_border_width=&#8221;none&#8221; column_border_style=&#8221;solid&#8221;][vc_row_inner content_placement=&#8221;bottom&#8221; column_margin=&#8221;default&#8221; bottom_padding=&#8221;0%&#8221; text_align=&#8221;left&#8221;][vc_column_inner enable_animation=&#8221;true&#8221; animation=&#8221;grow-in&#8221; column_padding=&#8221;no-extra-padding&#8221; column_padding_position=&#8221;all&#8221; background_color_opacity=&#8221;1&#8243; width=&#8221;1\/3&#8243; column_border_width=&#8221;none&#8221; column_border_style=&#8221;solid&#8221;]<div class=\"team-member\" data-style=\"meta_overlaid\"><div class=\"team-member-overlay\"><\/div><a href=\"http:\/\/www.ndemario.com\/french\/named-patient-program\/\"><\/a> <div class=\"team-member-image\" style=\"background-image: url(http:\/\/www.ndemario.com\/french\/wp-content\/uploads\/2017\/08\/named-patient-supply_2-600x403.jpg);\"><\/div><div class=\"team-meta\"><h3>Dispositifs D\u2019Atu Nominative<\/h3><p><p><\/div><\/div>[\/vc_column_inner][vc_column_inner enable_animation=&#8221;true&#8221; animation=&#8221;grow-in&#8221; column_padding=&#8221;no-extra-padding&#8221; column_padding_position=&#8221;all&#8221; background_color_opacity=&#8221;1&#8243; width=&#8221;1\/3&#8243; column_border_width=&#8221;none&#8221; column_border_style=&#8221;solid&#8221;]<div class=\"team-member\" data-style=\"meta_overlaid\"><div class=\"team-member-overlay\"><\/div><a href=\"http:\/\/www.ndemario.com\/french\/product-registration\/\"><\/a> <div class=\"team-member-image\" style=\"background-image: url(http:\/\/www.ndemario.com\/french\/wp-content\/uploads\/2017\/08\/product_2-600x403.jpg);\"><\/div><div class=\"team-meta\"><h3>Enregistrement Des Produits<\/h3><p><p><\/div><\/div>[\/vc_column_inner][vc_column_inner enable_animation=&#8221;true&#8221; animation=&#8221;grow-in&#8221; column_padding=&#8221;no-extra-padding&#8221; column_padding_position=&#8221;all&#8221; background_color_opacity=&#8221;1&#8243; width=&#8221;1\/3&#8243; column_border_width=&#8221;none&#8221; column_border_style=&#8221;solid&#8221;]<div class=\"team-member\" data-style=\"meta_overlaid\"><div class=\"team-member-overlay\"><\/div><a href=\"http:\/\/www.ndemario.com\/french\/partnership-agreements\/\"><\/a> <div class=\"team-member-image\" style=\"background-image: url(http:\/\/www.ndemario.com\/french\/wp-content\/uploads\/2017\/08\/partner_2-600x403.jpg);\"><\/div><div class=\"team-meta\"><h3>Partenariats<\/h3><p><p><\/div><\/div>[\/vc_column_inner][\/vc_row_inner][\/vc_column][\/vc_row]\n","protected":false},"excerpt":{"rendered":"<p>[vc_row type=&#8221;full_width_content&#8221; full_screen_row_position=&#8221;top&#8221; full_height=&#8221;yes&#8221; columns_placement=&#8221;top&#8221; mouse_based_parallax_bg=&#8221;true&#8221; scene_position=&#8221;top&#8221; mouse_sensitivity=&#8221;10&#8243; text_color=&#8221;dark&#8221; text_align=&#8221;left&#8221; bottom_padding=&#8221;0.5%&#8221; overlay_strength=&#8221;0.3&#8243;][vc_column column_padding=&#8221;no-extra-padding&#8221; column_padding_position=&#8221;all&#8221; background_color_opacity=&#8221;1&#8243; background_hover_color_opacity=&#8221;1&#8243; column_shadow=&#8221;none&#8221; width=&#8221;1\/1&#8243; tablet_text_alignment=&#8221;default&#8221; phone_text_alignment=&#8221;default&#8221; column_border_width=&#8221;none&#8221; column_border_style=&#8221;solid&#8221;][rev_slider_vc alias=&#8221;product&#8221;][vc_row_inner column_margin=&#8221;default&#8221; top_padding=&#8221;40&#8243; text_align=&#8221;center&#8221;][vc_column_inner column_padding=&#8221;padding-1-percent&#8221; column_padding_position=&#8221;all&#8221; centered_text=&#8221;true&#8221; background_color_opacity=&#8221;1&#8243;&#8230;<\/p>\n","protected":false},"author":1,"featured_media":0,"parent":0,"menu_order":0,"comment_status":"closed","ping_status":"closed","template":"","meta":[],"yoast_head":"<!-- This site is optimized with the Yoast SEO plugin v16.7 - https:\/\/yoast.com\/wordpress\/plugins\/seo\/ -->\n<title>Product Registration for medicines - N.Demario &amp; Mario<\/title>\n<meta name=\"description\" content=\"We offers a comprehensive product registration service solution to increase international demand for new and established medicines into your chosen market.\" \/>\n<meta name=\"robots\" content=\"index, follow, max-snippet:-1, max-image-preview:large, max-video-preview:-1\" \/>\n<link rel=\"canonical\" href=\"http:\/\/www.ndemario.com\/french\/product-registration\/\" \/>\n<meta property=\"og:locale\" content=\"en_GB\" \/>\n<meta property=\"og:type\" content=\"article\" \/>\n<meta property=\"og:title\" content=\"Product Registration for medicines - N.Demario &amp; Mario\" \/>\n<meta property=\"og:description\" content=\"We offers a comprehensive product registration service solution to increase international demand for new and established medicines into your chosen market.\" \/>\n<meta property=\"og:url\" content=\"http:\/\/www.ndemario.com\/french\/product-registration\/\" \/>\n<meta property=\"og:site_name\" content=\"Mario\" \/>\n<meta property=\"article:modified_time\" content=\"2021-07-21T19:51:54+00:00\" \/>\n<meta name=\"twitter:card\" content=\"summary\" \/>\n<meta name=\"twitter:label1\" content=\"Estimated reading time\" \/>\n\t<meta name=\"twitter:data1\" content=\"2 minutes\" \/>\n<script type=\"application\/ld+json\" class=\"yoast-schema-graph\">{\"@context\":\"https:\/\/schema.org\",\"@graph\":[{\"@type\":\"WebSite\",\"@id\":\"http:\/\/www.ndemario.com\/french\/#website\",\"url\":\"http:\/\/www.ndemario.com\/french\/\",\"name\":\"Mario\",\"description\":\"N. De Mario &amp; Mario\",\"potentialAction\":[{\"@type\":\"SearchAction\",\"target\":{\"@type\":\"EntryPoint\",\"urlTemplate\":\"http:\/\/www.ndemario.com\/french\/?s={search_term_string}\"},\"query-input\":\"required name=search_term_string\"}],\"inLanguage\":\"en-GB\"},{\"@type\":\"WebPage\",\"@id\":\"http:\/\/www.ndemario.com\/french\/product-registration\/#webpage\",\"url\":\"http:\/\/www.ndemario.com\/french\/product-registration\/\",\"name\":\"Product Registration for medicines - N.Demario & Mario\",\"isPartOf\":{\"@id\":\"http:\/\/www.ndemario.com\/french\/#website\"},\"datePublished\":\"2017-07-28T16:32:07+00:00\",\"dateModified\":\"2021-07-21T19:51:54+00:00\",\"description\":\"We offers a comprehensive product registration service solution to increase international demand for new and established medicines into your chosen market.\",\"breadcrumb\":{\"@id\":\"http:\/\/www.ndemario.com\/french\/product-registration\/#breadcrumb\"},\"inLanguage\":\"en-GB\",\"potentialAction\":[{\"@type\":\"ReadAction\",\"target\":[\"http:\/\/www.ndemario.com\/french\/product-registration\/\"]}]},{\"@type\":\"BreadcrumbList\",\"@id\":\"http:\/\/www.ndemario.com\/french\/product-registration\/#breadcrumb\",\"itemListElement\":[{\"@type\":\"ListItem\",\"position\":1,\"name\":\"Home\",\"item\":\"http:\/\/www.ndemario.com\/french\/\"},{\"@type\":\"ListItem\",\"position\":2,\"name\":\"Enregistrement de produits\"}]}]}<\/script>\n<!-- \/ Yoast SEO plugin. -->","yoast_head_json":{"title":"Product Registration for medicines - N.Demario & Mario","description":"We offers a comprehensive product registration service solution to increase international demand for new and established medicines into your chosen market.","robots":{"index":"index","follow":"follow","max-snippet":"max-snippet:-1","max-image-preview":"max-image-preview:large","max-video-preview":"max-video-preview:-1"},"canonical":"http:\/\/www.ndemario.com\/french\/product-registration\/","og_locale":"en_GB","og_type":"article","og_title":"Product Registration for medicines - N.Demario & Mario","og_description":"We offers a comprehensive product registration service solution to increase international demand for new and established medicines into your chosen market.","og_url":"http:\/\/www.ndemario.com\/french\/product-registration\/","og_site_name":"Mario","article_modified_time":"2021-07-21T19:51:54+00:00","twitter_card":"summary","twitter_misc":{"Estimated reading time":"2 minutes"},"schema":{"@context":"https:\/\/schema.org","@graph":[{"@type":"WebSite","@id":"http:\/\/www.ndemario.com\/french\/#website","url":"http:\/\/www.ndemario.com\/french\/","name":"Mario","description":"N. De Mario &amp; Mario","potentialAction":[{"@type":"SearchAction","target":{"@type":"EntryPoint","urlTemplate":"http:\/\/www.ndemario.com\/french\/?s={search_term_string}"},"query-input":"required name=search_term_string"}],"inLanguage":"en-GB"},{"@type":"WebPage","@id":"http:\/\/www.ndemario.com\/french\/product-registration\/#webpage","url":"http:\/\/www.ndemario.com\/french\/product-registration\/","name":"Product Registration for medicines - N.Demario & Mario","isPartOf":{"@id":"http:\/\/www.ndemario.com\/french\/#website"},"datePublished":"2017-07-28T16:32:07+00:00","dateModified":"2021-07-21T19:51:54+00:00","description":"We offers a comprehensive product registration service solution to increase international demand for new and established medicines into your chosen market.","breadcrumb":{"@id":"http:\/\/www.ndemario.com\/french\/product-registration\/#breadcrumb"},"inLanguage":"en-GB","potentialAction":[{"@type":"ReadAction","target":["http:\/\/www.ndemario.com\/french\/product-registration\/"]}]},{"@type":"BreadcrumbList","@id":"http:\/\/www.ndemario.com\/french\/product-registration\/#breadcrumb","itemListElement":[{"@type":"ListItem","position":1,"name":"Home","item":"http:\/\/www.ndemario.com\/french\/"},{"@type":"ListItem","position":2,"name":"Enregistrement de produits"}]}]}},"_links":{"self":[{"href":"http:\/\/www.ndemario.com\/french\/wp-json\/wp\/v2\/pages\/3201"}],"collection":[{"href":"http:\/\/www.ndemario.com\/french\/wp-json\/wp\/v2\/pages"}],"about":[{"href":"http:\/\/www.ndemario.com\/french\/wp-json\/wp\/v2\/types\/page"}],"author":[{"embeddable":true,"href":"http:\/\/www.ndemario.com\/french\/wp-json\/wp\/v2\/users\/1"}],"replies":[{"embeddable":true,"href":"http:\/\/www.ndemario.com\/french\/wp-json\/wp\/v2\/comments?post=3201"}],"version-history":[{"count":26,"href":"http:\/\/www.ndemario.com\/french\/wp-json\/wp\/v2\/pages\/3201\/revisions"}],"predecessor-version":[{"id":3647,"href":"http:\/\/www.ndemario.com\/french\/wp-json\/wp\/v2\/pages\/3201\/revisions\/3647"}],"wp:attachment":[{"href":"http:\/\/www.ndemario.com\/french\/wp-json\/wp\/v2\/media?parent=3201"}],"curies":[{"name":"wp","href":"https:\/\/api.w.org\/{rel}","templated":true}]}}