{"id":3064,"date":"2017-07-27T14:40:46","date_gmt":"2017-07-27T13:40:46","guid":{"rendered":"http:\/\/www.ndemario.com\/french\/?page_id=3064"},"modified":"2021-07-21T20:09:39","modified_gmt":"2021-07-21T19:09:39","slug":"homepage","status":"publish","type":"page","link":"http:\/\/www.ndemario.com\/french\/","title":{"rendered":"ACCUEIL"},"content":{"rendered":"\n<div class=\"wp-block-group\"><div class=\"wp-block-group__inner-container\">\n[vc_row type=&#8221;full_width_content&#8221; full_screen_row_position=&#8221;top&#8221; full_height=&#8221;yes&#8221; columns_placement=&#8221;top&#8221; mouse_based_parallax_bg=&#8221;true&#8221; scene_position=&#8221;top&#8221; mouse_sensitivity=&#8221;10&#8243; text_color=&#8221;dark&#8221; text_align=&#8221;left&#8221; bottom_padding=&#8221;4%&#8221; overlay_strength=&#8221;0.3&#8243;][vc_column column_padding=&#8221;no-extra-padding&#8221; column_padding_position=&#8221;all&#8221; background_color_opacity=&#8221;1&#8243; background_hover_color_opacity=&#8221;1&#8243; column_shadow=&#8221;none&#8221; width=&#8221;1\/1&#8243; tablet_text_alignment=&#8221;default&#8221; phone_text_alignment=&#8221;default&#8221; column_border_width=&#8221;none&#8221; column_border_style=&#8221;solid&#8221;][rev_slider_vc alias=&#8221;home2&#8243;][vc_row_inner column_margin=&#8221;default&#8221; top_padding=&#8221;40&#8243; bottom_padding=&#8221;2%&#8221; text_align=&#8221;center&#8221;][vc_column_inner column_padding=&#8221;padding-1-percent&#8221; column_padding_position=&#8221;all&#8221; centered_text=&#8221;true&#8221; background_color_opacity=&#8221;1&#8243; width=&#8221;1\/1&#8243; column_border_width=&#8221;none&#8221; column_border_style=&#8221;solid&#8221;][vc_column_text max_width=&#8221;900&#8243;]\n<h2>Notre priorit\u00e9 : sauver des vies<\/h2>\n[\/vc_column_text]<div class=\"divider-wrap\"><div style=\"margin-top: 20px; width: 40px; height: 2px; margin-bottom: 20px;\" data-width=\"40\" data-animate=\"yes\" data-animation-delay=\"\" data-color=\"accent-color\" class=\"divider-small-border\"><\/div><\/div>[vc_column_text max_width=&#8221;650&#8243;]N De Mario &amp; Mario Limited est une entreprise grossiste pharmaceutique ind\u00e9pendante \u00e9tablie au Royaume-Uni. R\u00e9pondant aux besoins des populations, elle approvisionne le monde entier en m\u00e9dicaments g\u00e9n\u00e9riques, d\u2019origine et sp\u00e9cialis\u00e9s, mais aussi en m\u00e9dicaments en vente libre et m\u00e9dicaments orphelins.[\/vc_column_text][\/vc_column_inner][\/vc_row_inner][\/vc_column][\/vc_row][vc_row type=&#8221;in_container&#8221; full_screen_row_position=&#8221;middle&#8221; scene_position=&#8221;center&#8221; text_color=&#8221;dark&#8221; text_align=&#8221;center&#8221; overlay_strength=&#8221;0.3&#8243;][vc_column column_padding=&#8221;no-extra-padding&#8221; column_padding_position=&#8221;all&#8221; background_color_opacity=&#8221;1&#8243; background_hover_color_opacity=&#8221;1&#8243; column_shadow=&#8221;none&#8221; width=&#8221;1\/1&#8243; tablet_text_alignment=&#8221;default&#8221; phone_text_alignment=&#8221;default&#8221; column_border_width=&#8221;none&#8221; column_border_style=&#8221;solid&#8221;][nectar_btn size=&#8221;large&#8221; button_style=&#8221;regular&#8221; button_color_2=&#8221;Accent-Color&#8221; icon_family=&#8221;none&#8221; text=&#8221;EN SAVOIR PLUS&#8221; url=&#8221;http:\/\/www.ndemario.com\/french\/about-us\/&#8221;][\/vc_column][\/vc_row][vc_row type=&#8221;in_container&#8221; full_screen_row_position=&#8221;middle&#8221; scene_position=&#8221;center&#8221; text_color=&#8221;dark&#8221; text_align=&#8221;left&#8221; overlay_strength=&#8221;0.3&#8243;][vc_column centered_text=&#8221;true&#8221; column_padding=&#8221;no-extra-padding&#8221; column_padding_position=&#8221;all&#8221; background_color_opacity=&#8221;1&#8243; background_hover_color_opacity=&#8221;1&#8243; column_shadow=&#8221;none&#8221; width=&#8221;1\/1&#8243; tablet_text_alignment=&#8221;default&#8221; phone_text_alignment=&#8221;default&#8221; column_border_width=&#8221;none&#8221; column_border_style=&#8221;solid&#8221;][vc_row_inner content_placement=&#8221;bottom&#8221; column_margin=&#8221;default&#8221; top_padding=&#8221;6%&#8221; bottom_padding=&#8221;0%&#8221; text_align=&#8221;left&#8221;][vc_column_inner enable_animation=&#8221;true&#8221; animation=&#8221;grow-in&#8221; column_padding=&#8221;no-extra-padding&#8221; column_padding_position=&#8221;all&#8221; background_color_opacity=&#8221;1&#8243; width=&#8221;1\/3&#8243; column_border_width=&#8221;none&#8221; column_border_style=&#8221;solid&#8221;]<div class=\"team-member\" data-style=\"meta_overlaid\"><div class=\"team-member-overlay\"><\/div><a href=\"http:\/\/www.ndemario.com\/french\/named-patient-program\/\"><\/a> <div class=\"team-member-image\" style=\"background-image: url(http:\/\/www.ndemario.com\/french\/wp-content\/uploads\/2017\/08\/named-patient-supply_2-600x403.jpg);\"><\/div><div class=\"team-meta\"><h3>Dispositifs D\u2019Atu Nominative<\/h3><p><p><\/div><\/div>[\/vc_column_inner][vc_column_inner enable_animation=&#8221;true&#8221; animation=&#8221;grow-in&#8221; column_padding=&#8221;no-extra-padding&#8221; column_padding_position=&#8221;all&#8221; background_color_opacity=&#8221;1&#8243; width=&#8221;1\/3&#8243; column_border_width=&#8221;none&#8221; column_border_style=&#8221;solid&#8221;]<div class=\"team-member\" data-style=\"meta_overlaid\"><div class=\"team-member-overlay\"><\/div><a href=\"http:\/\/www.ndemario.com\/french\/product-registration\/\"><\/a> <div class=\"team-member-image\" style=\"background-image: url(http:\/\/www.ndemario.com\/french\/wp-content\/uploads\/2017\/08\/product_2-600x403.jpg);\"><\/div><div class=\"team-meta\"><h3>Enregistrement Des Produits<\/h3><p><p><\/div><\/div>[\/vc_column_inner][vc_column_inner enable_animation=&#8221;true&#8221; animation=&#8221;grow-in&#8221; column_padding=&#8221;no-extra-padding&#8221; column_padding_position=&#8221;all&#8221; background_color_opacity=&#8221;1&#8243; width=&#8221;1\/3&#8243; column_border_width=&#8221;none&#8221; column_border_style=&#8221;solid&#8221;]<div class=\"team-member\" data-style=\"meta_overlaid\"><div class=\"team-member-overlay\"><\/div><a href=\"http:\/\/www.ndemario.com\/french\/partnership-agreements\/\"><\/a> <div class=\"team-member-image\" style=\"background-image: url(http:\/\/www.ndemario.com\/french\/wp-content\/uploads\/2017\/08\/partner_2-600x403.jpg);\"><\/div><div class=\"team-meta\"><h3>Partenariats<\/h3><p><p><\/div><\/div>[\/vc_column_inner][\/vc_row_inner][\/vc_column][\/vc_row][vc_row type=&#8221;in_container&#8221; full_screen_row_position=&#8221;middle&#8221; scene_position=&#8221;center&#8221; text_color=&#8221;dark&#8221; text_align=&#8221;center&#8221; overlay_strength=&#8221;0.3&#8243;][vc_column column_padding=&#8221;no-extra-padding&#8221; column_padding_position=&#8221;all&#8221; background_color_opacity=&#8221;1&#8243; background_hover_color_opacity=&#8221;1&#8243; column_shadow=&#8221;none&#8221; width=&#8221;1\/1&#8243; tablet_text_alignment=&#8221;default&#8221; phone_text_alignment=&#8221;default&#8221; column_border_width=&#8221;none&#8221; column_border_style=&#8221;solid&#8221;]<div class=\"divider-wrap\"><div style=\"margin-top: 15px; height: 1px; margin-bottom: 15px;\" data-width=\"100%\" data-animate=\"yes\" data-animation-delay=\"\" data-color=\"accent-color\" class=\"divider-border\"><\/div><\/div>[\/vc_column][\/vc_row][vc_row type=&#8221;in_container&#8221; full_screen_row_position=&#8221;middle&#8221; scene_position=&#8221;center&#8221; text_color=&#8221;dark&#8221; text_align=&#8221;left&#8221; top_padding=&#8221;3%&#8221; bottom_padding=&#8221;3%&#8221; overlay_strength=&#8221;0.3&#8243;][vc_column column_padding=&#8221;no-extra-padding&#8221; column_padding_position=&#8221;all&#8221; background_color_opacity=&#8221;1&#8243; background_hover_color_opacity=&#8221;1&#8243; column_shadow=&#8221;none&#8221; width=&#8221;1\/2&#8243; tablet_text_alignment=&#8221;default&#8221; phone_text_alignment=&#8221;default&#8221; column_border_width=&#8221;none&#8221; column_border_style=&#8221;solid&#8221;][vc_column_text]\n<h4>Forts de nos nombreux r\u00e9seaux tiss\u00e9s sur le territoire britannique et \u00e0 l\u2019international, nous avons nou\u00e9 des liens avec des fournisseurs coop\u00e9ratifs, soucieux de pratiquer des prix justes. <a href=\"http:\/\/www.ndemario.com\/french\/about-us\/\">En savoir plus<\/a><\/h4>\n[\/vc_column_text][\/vc_column][vc_column column_padding=&#8221;no-extra-padding&#8221; column_padding_position=&#8221;all&#8221; background_color_opacity=&#8221;1&#8243; background_hover_color_opacity=&#8221;1&#8243; column_shadow=&#8221;none&#8221; width=&#8221;1\/2&#8243; tablet_text_alignment=&#8221;default&#8221; phone_text_alignment=&#8221;default&#8221; column_border_width=&#8221;none&#8221; column_border_style=&#8221;solid&#8221;]<div class=\"img-with-aniamtion-wrap \" data-max-width=\"100%\"><div class=\"inner\"><img data-shadow=\"none\" data-shadow-direction=\"middle\" class=\"img-with-animation \" data-delay=\"0\" height=\"782\" width=\"2000\" data-animation=\"fade-in\" src=\"http:\/\/www.ndemario.com\/french\/wp-content\/uploads\/2017\/07\/about-us1.jpg\" srcset=\"http:\/\/www.ndemario.com\/french\/wp-content\/uploads\/2017\/07\/about-us1.jpg 2000w, http:\/\/www.ndemario.com\/french\/wp-content\/uploads\/2017\/07\/about-us1-300x117.jpg 300w, http:\/\/www.ndemario.com\/french\/wp-content\/uploads\/2017\/07\/about-us1-768x300.jpg 768w, http:\/\/www.ndemario.com\/french\/wp-content\/uploads\/2017\/07\/about-us1-1024x400.jpg 1024w\" sizes=\"100vw\" alt=\"\" \/><\/div><\/div>[\/vc_column][\/vc_row][vc_row type=&#8221;in_container&#8221; full_screen_row_position=&#8221;middle&#8221; scene_position=&#8221;center&#8221; text_color=&#8221;dark&#8221; text_align=&#8221;center&#8221; overlay_strength=&#8221;0.3&#8243;][vc_column column_padding=&#8221;no-extra-padding&#8221; column_padding_position=&#8221;all&#8221; background_color_opacity=&#8221;1&#8243; background_hover_color_opacity=&#8221;1&#8243; column_shadow=&#8221;none&#8221; width=&#8221;1\/1&#8243; tablet_text_alignment=&#8221;default&#8221; phone_text_alignment=&#8221;default&#8221; column_border_width=&#8221;none&#8221; column_border_style=&#8221;solid&#8221;]<div class=\"divider-wrap\"><div style=\"margin-top: 15px; height: 1px; margin-bottom: 15px;\" data-width=\"100%\" data-animate=\"yes\" data-animation-delay=\"\" data-color=\"accent-color\" class=\"divider-border\"><\/div><\/div>[\/vc_column][\/vc_row][vc_row type=&#8221;in_container&#8221; full_screen_row_position=&#8221;middle&#8221; scene_position=&#8221;center&#8221; text_color=&#8221;dark&#8221; text_align=&#8221;left&#8221; top_padding=&#8221;3%&#8221; bottom_padding=&#8221;3%&#8221; overlay_strength=&#8221;0.3&#8243;][vc_column column_padding=&#8221;no-extra-padding&#8221; column_padding_position=&#8221;all&#8221; background_color_opacity=&#8221;1&#8243; background_hover_color_opacity=&#8221;1&#8243; column_shadow=&#8221;none&#8221; width=&#8221;1\/4&#8243; tablet_text_alignment=&#8221;default&#8221; phone_text_alignment=&#8221;default&#8221; column_border_width=&#8221;none&#8221; column_border_style=&#8221;solid&#8221;][\/vc_column][vc_column column_padding=&#8221;no-extra-padding&#8221; column_padding_position=&#8221;all&#8221; background_color_opacity=&#8221;1&#8243; background_hover_color_opacity=&#8221;1&#8243; column_shadow=&#8221;none&#8221; width=&#8221;3\/4&#8243; tablet_text_alignment=&#8221;default&#8221; phone_text_alignment=&#8221;default&#8221; column_border_width=&#8221;none&#8221; column_border_style=&#8221;solid&#8221;][vc_column_text]\n<h4>Mus par la passion de notre m\u00e9tier, nous adaptons notre expertise et notre approche sur mesure \u00e0 vos besoins en vous proposant les produits optimaux selon une approche strat\u00e9gique holistique. <a href=\"http:\/\/www.ndemario.com\/french\/regulatory-compliance\/\">En savoir plus<\/a><\/h4>\n[\/vc_column_text][\/vc_column][\/vc_row][vc_row type=&#8221;in_container&#8221; full_screen_row_position=&#8221;middle&#8221; scene_position=&#8221;center&#8221; text_color=&#8221;dark&#8221; text_align=&#8221;center&#8221; overlay_strength=&#8221;0.3&#8243;][vc_column column_padding=&#8221;no-extra-padding&#8221; column_padding_position=&#8221;all&#8221; background_color_opacity=&#8221;1&#8243; background_hover_color_opacity=&#8221;1&#8243; column_shadow=&#8221;none&#8221; width=&#8221;1\/1&#8243; tablet_text_alignment=&#8221;default&#8221; phone_text_alignment=&#8221;default&#8221; column_border_width=&#8221;none&#8221; column_border_style=&#8221;solid&#8221;]<div class=\"divider-wrap\"><div style=\"margin-top: 15px; height: 1px; margin-bottom: 15px;\" data-width=\"100%\" data-animate=\"yes\" data-animation-delay=\"\" data-color=\"extra-color-1\" class=\"divider-border\"><\/div><\/div>[\/vc_column][\/vc_row][vc_row type=&#8221;in_container&#8221; full_screen_row_position=&#8221;middle&#8221; scene_position=&#8221;center&#8221; text_color=&#8221;dark&#8221; text_align=&#8221;left&#8221; top_padding=&#8221;3%&#8221; bottom_padding=&#8221;3%&#8221; overlay_strength=&#8221;0.3&#8243;][vc_column column_padding=&#8221;no-extra-padding&#8221; column_padding_position=&#8221;all&#8221; background_color_opacity=&#8221;1&#8243; background_hover_color_opacity=&#8221;1&#8243; column_shadow=&#8221;none&#8221; width=&#8221;1\/4&#8243; tablet_text_alignment=&#8221;default&#8221; phone_text_alignment=&#8221;default&#8221; column_border_width=&#8221;none&#8221; column_border_style=&#8221;solid&#8221;][vc_column_text]\n<h4>Tirant parti de notre exp\u00e9rience et de notre notori\u00e9t\u00e9 acquises sur diff\u00e9rents march\u00e9s de niche, nous nous appuyons sur les <a href=\"http:\/\/www.ndemario.com\/french\/named-patient-program\/\"><u>dispositifs d\u2019autorisation temporaire d\u2019utilisation (ATU) nominative<\/u><\/a> et les <a href=\"http:\/\/www.ndemario.com\/french\/early-access-programs\/\"><u>programmes d\u2019acc\u00e8s anticip\u00e9 (PAA)<\/u><\/a> en vue de proposer des solutions au service des personnes souffrant de comorbidit\u00e9s et de pathologies invalidantes.<\/h4>\n[\/vc_column_text][\/vc_column][vc_column column_padding=&#8221;no-extra-padding&#8221; column_padding_position=&#8221;all&#8221; background_color_opacity=&#8221;1&#8243; background_hover_color_opacity=&#8221;1&#8243; column_shadow=&#8221;none&#8221; width=&#8221;3\/4&#8243; tablet_text_alignment=&#8221;default&#8221; phone_text_alignment=&#8221;default&#8221; column_border_width=&#8221;none&#8221; column_border_style=&#8221;solid&#8221;]<div class=\"img-with-aniamtion-wrap \" data-max-width=\"100%\"><div class=\"inner\"><img data-shadow=\"none\" data-shadow-direction=\"middle\" class=\"img-with-animation \" data-delay=\"0\" height=\"782\" width=\"2000\" data-animation=\"fade-in\" src=\"http:\/\/www.ndemario.com\/french\/wp-content\/uploads\/2017\/07\/warehouse.jpg\" srcset=\"http:\/\/www.ndemario.com\/french\/wp-content\/uploads\/2017\/07\/warehouse.jpg 2000w, http:\/\/www.ndemario.com\/french\/wp-content\/uploads\/2017\/07\/warehouse-300x117.jpg 300w, http:\/\/www.ndemario.com\/french\/wp-content\/uploads\/2017\/07\/warehouse-768x300.jpg 768w, http:\/\/www.ndemario.com\/french\/wp-content\/uploads\/2017\/07\/warehouse-1024x400.jpg 1024w\" sizes=\"100vw\" alt=\"Warehousing\" \/><\/div><\/div>[\/vc_column][\/vc_row]\n<\/div><\/div>\n","protected":false},"excerpt":{"rendered":"[vc_row type=\"full_width_content\" full_screen_row_position=\"top\" full_height=\"yes\" columns_placement=\"top\" mouse_based_parallax_bg=\"true\" scene_position=\"top\" mouse_sensitivity=\"10\" text_color=\"dark\" text_align=\"left\" bottom_padding=\"4%\" overlay_strength=\"0.3\"][vc_column column_padding=\"no-extra-padding\" column_padding_position=\"all\" background_color_opacity=\"1\" background_hover_color_opacity=\"1\" column_shadow=\"none\" width=\"1\/1\" tablet_text_alignment=\"default\" phone_text_alignment=\"default\" column_border_width=\"none\" column_border_style=\"solid\"][rev_slider_vc alias=\"home2\"][vc_row_inner column_margin=\"default\" top_padding=\"40\" bottom_padding=\"2%\" text_align=\"center\"][vc_column_inner column_padding=\"padding-1-percent\" column_padding_position=\"all\" centered_text=\"true\"...","protected":false},"author":1,"featured_media":0,"parent":0,"menu_order":0,"comment_status":"closed","ping_status":"closed","template":"","meta":[],"yoast_head":"<!-- This site is optimized with the Yoast SEO plugin v16.7 - https:\/\/yoast.com\/wordpress\/plugins\/seo\/ -->\n<title>N De Mario &amp; Mario - Named Patient Program and Early Access Programs<\/title>\n<meta name=\"description\" content=\"Distribution of third party medicines we are experts in facilitating Named Patient Program and Early Access Programs for individual patients worldwide.\" \/>\n<meta name=\"robots\" content=\"index, follow, max-snippet:-1, max-image-preview:large, max-video-preview:-1\" \/>\n<link rel=\"canonical\" href=\"http:\/\/www.ndemario.com\/french\/\" \/>\n<meta property=\"og:locale\" content=\"en_GB\" \/>\n<meta property=\"og:type\" content=\"article\" \/>\n<meta property=\"og:title\" content=\"N De Mario &amp; Mario - Named Patient Program and Early Access Programs\" \/>\n<meta property=\"og:description\" content=\"Distribution of third party medicines we are experts in facilitating Named Patient Program and Early Access Programs for individual patients worldwide.\" \/>\n<meta property=\"og:url\" content=\"http:\/\/www.ndemario.com\/french\/\" \/>\n<meta property=\"og:site_name\" content=\"Mario\" \/>\n<meta property=\"article:modified_time\" content=\"2021-07-21T19:09:39+00:00\" \/>\n<meta name=\"twitter:card\" content=\"summary\" \/>\n<meta name=\"twitter:label1\" content=\"Estimated reading time\" \/>\n\t<meta name=\"twitter:data1\" content=\"2 minutes\" \/>\n<script type=\"application\/ld+json\" class=\"yoast-schema-graph\">{\"@context\":\"https:\/\/schema.org\",\"@graph\":[{\"@type\":\"WebSite\",\"@id\":\"http:\/\/www.ndemario.com\/french\/#website\",\"url\":\"http:\/\/www.ndemario.com\/french\/\",\"name\":\"Mario\",\"description\":\"N. De Mario &amp; Mario\",\"potentialAction\":[{\"@type\":\"SearchAction\",\"target\":{\"@type\":\"EntryPoint\",\"urlTemplate\":\"http:\/\/www.ndemario.com\/french\/?s={search_term_string}\"},\"query-input\":\"required name=search_term_string\"}],\"inLanguage\":\"en-GB\"},{\"@type\":\"WebPage\",\"@id\":\"http:\/\/www.ndemario.com\/french\/#webpage\",\"url\":\"http:\/\/www.ndemario.com\/french\/\",\"name\":\"N De Mario & Mario - Named Patient Program and Early Access Programs\",\"isPartOf\":{\"@id\":\"http:\/\/www.ndemario.com\/french\/#website\"},\"datePublished\":\"2017-07-27T13:40:46+00:00\",\"dateModified\":\"2021-07-21T19:09:39+00:00\",\"description\":\"Distribution of third party medicines we are experts in facilitating Named Patient Program and Early Access Programs for individual patients worldwide.\",\"breadcrumb\":{\"@id\":\"http:\/\/www.ndemario.com\/french\/#breadcrumb\"},\"inLanguage\":\"en-GB\",\"potentialAction\":[{\"@type\":\"ReadAction\",\"target\":[\"http:\/\/www.ndemario.com\/french\/\"]}]},{\"@type\":\"BreadcrumbList\",\"@id\":\"http:\/\/www.ndemario.com\/french\/#breadcrumb\",\"itemListElement\":[{\"@type\":\"ListItem\",\"position\":1,\"name\":\"Home\",\"item\":\"http:\/\/www.ndemario.com\/french\/\"},{\"@type\":\"ListItem\",\"position\":2,\"name\":\"ACCUEIL\"}]}]}<\/script>\n<!-- \/ Yoast SEO plugin. -->","yoast_head_json":{"title":"N De Mario & Mario - Named Patient Program and Early Access Programs","description":"Distribution of third party medicines we are experts in facilitating Named Patient Program and Early Access Programs for individual patients worldwide.","robots":{"index":"index","follow":"follow","max-snippet":"max-snippet:-1","max-image-preview":"max-image-preview:large","max-video-preview":"max-video-preview:-1"},"canonical":"http:\/\/www.ndemario.com\/french\/","og_locale":"en_GB","og_type":"article","og_title":"N De Mario & Mario - Named Patient Program and Early Access Programs","og_description":"Distribution of third party medicines we are experts in facilitating Named Patient Program and Early Access Programs for individual patients worldwide.","og_url":"http:\/\/www.ndemario.com\/french\/","og_site_name":"Mario","article_modified_time":"2021-07-21T19:09:39+00:00","twitter_card":"summary","twitter_misc":{"Estimated reading time":"2 minutes"},"schema":{"@context":"https:\/\/schema.org","@graph":[{"@type":"WebSite","@id":"http:\/\/www.ndemario.com\/french\/#website","url":"http:\/\/www.ndemario.com\/french\/","name":"Mario","description":"N. De Mario &amp; Mario","potentialAction":[{"@type":"SearchAction","target":{"@type":"EntryPoint","urlTemplate":"http:\/\/www.ndemario.com\/french\/?s={search_term_string}"},"query-input":"required name=search_term_string"}],"inLanguage":"en-GB"},{"@type":"WebPage","@id":"http:\/\/www.ndemario.com\/french\/#webpage","url":"http:\/\/www.ndemario.com\/french\/","name":"N De Mario & Mario - Named Patient Program and Early Access Programs","isPartOf":{"@id":"http:\/\/www.ndemario.com\/french\/#website"},"datePublished":"2017-07-27T13:40:46+00:00","dateModified":"2021-07-21T19:09:39+00:00","description":"Distribution of third party medicines we are experts in facilitating Named Patient Program and Early Access Programs for individual patients worldwide.","breadcrumb":{"@id":"http:\/\/www.ndemario.com\/french\/#breadcrumb"},"inLanguage":"en-GB","potentialAction":[{"@type":"ReadAction","target":["http:\/\/www.ndemario.com\/french\/"]}]},{"@type":"BreadcrumbList","@id":"http:\/\/www.ndemario.com\/french\/#breadcrumb","itemListElement":[{"@type":"ListItem","position":1,"name":"Home","item":"http:\/\/www.ndemario.com\/french\/"},{"@type":"ListItem","position":2,"name":"ACCUEIL"}]}]}},"_links":{"self":[{"href":"http:\/\/www.ndemario.com\/french\/wp-json\/wp\/v2\/pages\/3064"}],"collection":[{"href":"http:\/\/www.ndemario.com\/french\/wp-json\/wp\/v2\/pages"}],"about":[{"href":"http:\/\/www.ndemario.com\/french\/wp-json\/wp\/v2\/types\/page"}],"author":[{"embeddable":true,"href":"http:\/\/www.ndemario.com\/french\/wp-json\/wp\/v2\/users\/1"}],"replies":[{"embeddable":true,"href":"http:\/\/www.ndemario.com\/french\/wp-json\/wp\/v2\/comments?post=3064"}],"version-history":[{"count":62,"href":"http:\/\/www.ndemario.com\/french\/wp-json\/wp\/v2\/pages\/3064\/revisions"}],"predecessor-version":[{"id":3633,"href":"http:\/\/www.ndemario.com\/french\/wp-json\/wp\/v2\/pages\/3064\/revisions\/3633"}],"wp:attachment":[{"href":"http:\/\/www.ndemario.com\/french\/wp-json\/wp\/v2\/media?parent=3064"}],"curies":[{"name":"wp","href":"https:\/\/api.w.org\/{rel}","templated":true}]}}